{"id":734,"date":"2025-01-26T16:10:40","date_gmt":"2025-01-26T16:10:40","guid":{"rendered":"http:\/\/7tepearsa.com\/?page_id=734"},"modified":"2025-01-27T20:53:47","modified_gmt":"2025-01-27T20:53:47","slug":"home","status":"publish","type":"page","link":"https:\/\/www.7tepearsa.com\/","title":{"rendered":"Homepage"},"content":{"rendered":"\t\t<div data-elementor-type=\"wp-page\" data-elementor-id=\"734\" class=\"elementor elementor-734\" data-elementor-post-type=\"page\">\n\t\t\t\t<div class=\"elementor-element elementor-element-3bf01d49 e-con-full e-flex e-con e-parent\" data-id=\"3bf01d49\" data-element_type=\"container\" data-settings=\"{&quot;background_background&quot;:&quot;classic&quot;}\">\n\t\t\t\t<div class=\"elementor-element elementor-element-6a2596bd e-transform elementor-widget elementor-widget-heading\" data-id=\"6a2596bd\" data-element_type=\"widget\" data-settings=\"{&quot;_transform_translateX_effect&quot;:{&quot;unit&quot;:&quot;px&quot;,&quot;size&quot;:0,&quot;sizes&quot;:[]},&quot;_transform_translateX_effect_tablet&quot;:{&quot;unit&quot;:&quot;px&quot;,&quot;size&quot;:&quot;&quot;,&quot;sizes&quot;:[]},&quot;_transform_translateX_effect_mobile&quot;:{&quot;unit&quot;:&quot;px&quot;,&quot;size&quot;:&quot;&quot;,&quot;sizes&quot;:[]},&quot;_transform_translateY_effect&quot;:{&quot;unit&quot;:&quot;px&quot;,&quot;size&quot;:&quot;&quot;,&quot;sizes&quot;:[]},&quot;_transform_translateY_effect_tablet&quot;:{&quot;unit&quot;:&quot;px&quot;,&quot;size&quot;:&quot;&quot;,&quot;sizes&quot;:[]},&quot;_transform_translateY_effect_mobile&quot;:{&quot;unit&quot;:&quot;px&quot;,&quot;size&quot;:&quot;&quot;,&quot;sizes&quot;:[]}}\" data-widget_type=\"heading.default\">\n\t\t\t\t<div class=\"elementor-widget-container\">\n\t\t\t\t\t<h1 class=\"elementor-heading-title elementor-size-default\">Do\u011fan\u0131n Kalbinde,\nYat\u0131r\u0131m\u0131n Yeni Adresi<\/h1>\t\t\t\t<\/div>\n\t\t\t\t<\/div>\n\t\t\t\t<div class=\"elementor-element elementor-element-241275e4 elementor-mobile-align-center elementor-button-info elementor-align-left elementor-widget elementor-widget-button\" data-id=\"241275e4\" data-element_type=\"widget\" data-widget_type=\"button.default\">\n\t\t\t\t<div class=\"elementor-widget-container\">\n\t\t\t\t\t\t\t\t\t<div class=\"elementor-button-wrapper\">\n\t\t\t\t\t<a class=\"elementor-button elementor-button-link elementor-size-sm\" href=\"#proje\">\n\t\t\t\t\t\t<span class=\"elementor-button-content-wrapper\">\n\t\t\t\t\t\t\t\t\t<span class=\"elementor-button-text\">\u015e\u0130LE - A\u011eVA<\/span>\n\t\t\t\t\t<\/span>\n\t\t\t\t\t<\/a>\n\t\t\t\t<\/div>\n\t\t\t\t\t\t\t\t<\/div>\n\t\t\t\t<\/div>\n\t\t\t\t<\/div>\n\t\t<section class=\"elementor-element elementor-element-4eef50ab e-con-full e-flex e-con e-parent\" data-id=\"4eef50ab\" data-element_type=\"container\" data-settings=\"{&quot;background_background&quot;:&quot;slideshow&quot;,&quot;background_slideshow_gallery&quot;:[{&quot;id&quot;:958,&quot;url&quot;:&quot;http:\\\/\\\/7tepearsa.com\\\/wp-content\\\/uploads\\\/2025\\\/01\\\/7-tepe-2.-banner.png&quot;}],&quot;background_slideshow_slide_duration&quot;:3000,&quot;background_slideshow_ken_burns&quot;:&quot;yes&quot;,&quot;background_slideshow_ken_burns_zoom_direction&quot;:&quot;out&quot;,&quot;background_slideshow_slide_transition&quot;:&quot;fade&quot;,&quot;background_slideshow_transition_duration&quot;:500}\">\n\t\t\t\t<div class=\"elementor-element elementor-element-6206d1d elementor-widget elementor-widget-menu-anchor\" data-id=\"6206d1d\" data-element_type=\"widget\" data-widget_type=\"menu-anchor.default\">\n\t\t\t\t<div class=\"elementor-widget-container\">\n\t\t\t\t\t\t\t<div class=\"elementor-menu-anchor\" id=\"proje\"><\/div>\n\t\t\t\t\t\t<\/div>\n\t\t\t\t<\/div>\n\t\t\t\t<div class=\"elementor-element elementor-element-3c6174ad elementor-widget elementor-widget-heading\" data-id=\"3c6174ad\" data-element_type=\"widget\" data-widget_type=\"heading.default\">\n\t\t\t\t<div class=\"elementor-widget-container\">\n\t\t\t\t\t<h2 class=\"elementor-heading-title elementor-size-default\">\u015eehir Kalabal\u0131\u011f\u0131n\u0131 Geride B\u0131rak\u0131n!<\/h2>\t\t\t\t<\/div>\n\t\t\t\t<\/div>\n\t\t\t\t<div class=\"elementor-element elementor-element-1287d828 elementor-widget__width-initial elementor-widget-mobile__width-inherit elementor-widget elementor-widget-text-editor\" data-id=\"1287d828\" data-element_type=\"widget\" data-widget_type=\"text-editor.default\">\n\t\t\t\t<div class=\"elementor-widget-container\">\n\t\t\t\t\t\t\t\t\t<p><strong>\u0130stanbul\u2019un g\u00fcr\u00fclt\u00fcs\u00fcnden uzak, ancak bir o kadar yak\u0131n. \u015eile ve A\u011fva\u2019n\u0131n e\u015fsiz do\u011fas\u0131nda size \u00f6zel yat\u0131r\u0131m f\u0131rsatlar\u0131n\u0131 ke\u015ffedin<\/strong><\/p>\t\t\t\t\t\t\t\t<\/div>\n\t\t\t\t<\/div>\n\t\t\t\t<div class=\"elementor-element elementor-element-2010677f elementor-mobile-align-center elementor-widget elementor-widget-button\" data-id=\"2010677f\" data-element_type=\"widget\" data-widget_type=\"button.default\">\n\t\t\t\t<div class=\"elementor-widget-container\">\n\t\t\t\t\t\t\t\t\t<div class=\"elementor-button-wrapper\">\n\t\t\t\t\t<a class=\"elementor-button elementor-button-link elementor-size-sm\" href=\"#kontakt\">\n\t\t\t\t\t\t<span class=\"elementor-button-content-wrapper\">\n\t\t\t\t\t\t\t\t\t<span class=\"elementor-button-text\">\u0130LET\u0130\u015e\u0130ME GE\u00c7\u0130N<\/span>\n\t\t\t\t\t<\/span>\n\t\t\t\t\t<\/a>\n\t\t\t\t<\/div>\n\t\t\t\t\t\t\t\t<\/div>\n\t\t\t\t<\/div>\n\t\t\t\t<\/section>\n\t\t<div class=\"elementor-element elementor-element-2f721a10 e-con-full e-flex e-con e-parent\" data-id=\"2f721a10\" data-element_type=\"container\">\n\t\t\t\t<div class=\"elementor-element elementor-element-1da6c65 elementor-widget elementor-widget-menu-anchor\" data-id=\"1da6c65\" data-element_type=\"widget\" data-widget_type=\"menu-anchor.default\">\n\t\t\t\t<div class=\"elementor-widget-container\">\n\t\t\t\t\t\t\t<div class=\"elementor-menu-anchor\" id=\"yasalsurec\"><\/div>\n\t\t\t\t\t\t<\/div>\n\t\t\t\t<\/div>\n\t\t\t\t<div class=\"elementor-element elementor-element-5f977132 elementor-widget elementor-widget-heading\" data-id=\"5f977132\" data-element_type=\"widget\" data-widget_type=\"heading.default\">\n\t\t\t\t<div class=\"elementor-widget-container\">\n\t\t\t\t\t<h3 class=\"elementor-heading-title elementor-size-default\">Yasal Zeminde, G\u00fcvenilir Bir Yat\u0131r\u0131m!<\/h3>\t\t\t\t<\/div>\n\t\t\t\t<\/div>\n\t\t\t\t<div class=\"elementor-element elementor-element-56a9519 elementor-widget__width-initial elementor-widget-mobile__width-inherit elementor-widget elementor-widget-text-editor\" data-id=\"56a9519\" data-element_type=\"widget\" data-widget_type=\"text-editor.default\">\n\t\t\t\t<div class=\"elementor-widget-container\">\n\t\t\t\t\t\t\t\t\t<p><strong>7TepeArsa, \u015eile &#8211; A\u011fva projesinde kat ittifak\u0131 ve imar durumuna dair t\u00fcm s\u00fcre\u00e7leri netle\u015ftirerek, yat\u0131r\u0131m\u0131n\u0131z\u0131 gelece\u011fe g\u00fcvenle ta\u015f\u0131yor.<\/strong><\/p>\t\t\t\t\t\t\t\t<\/div>\n\t\t\t\t<\/div>\n\t\t\t\t<div class=\"elementor-element elementor-element-3d64e79 elementor-mobile-align-center elementor-widget elementor-widget-button\" data-id=\"3d64e79\" data-element_type=\"widget\" data-widget_type=\"button.default\">\n\t\t\t\t<div class=\"elementor-widget-container\">\n\t\t\t\t\t\t\t\t\t<div class=\"elementor-button-wrapper\">\n\t\t\t\t\t<a class=\"elementor-button elementor-button-link elementor-size-sm\" href=\"#\">\n\t\t\t\t\t\t<span class=\"elementor-button-content-wrapper\">\n\t\t\t\t\t\t\t\t\t<span class=\"elementor-button-text\">Yasal S\u00fcre\u00e7ler Hakk\u0131nda Daha Fazla Bilgi Al<\/span>\n\t\t\t\t\t<\/span>\n\t\t\t\t\t<\/a>\n\t\t\t\t<\/div>\n\t\t\t\t\t\t\t\t<\/div>\n\t\t\t\t<\/div>\n\t\t<div class=\"elementor-element elementor-element-6f356f16 e-con-full e-flex e-con e-child\" data-id=\"6f356f16\" data-element_type=\"container\">\n\t\t<div class=\"elementor-element elementor-element-4ab72c4f e-con-full e-flex e-con e-child\" data-id=\"4ab72c4f\" data-element_type=\"container\">\n\t\t\t\t<div class=\"elementor-element elementor-element-5f588efb elementor-widget elementor-widget-image\" data-id=\"5f588efb\" data-element_type=\"widget\" data-widget_type=\"image.default\">\n\t\t\t\t<div class=\"elementor-widget-container\">\n\t\t\t\t\t\t\t\t\t\t\t\t\t\t\t<img fetchpriority=\"high\" decoding=\"async\" width=\"2560\" height=\"1440\" src=\"https:\/\/www.7tepearsa.com\/wp-content\/uploads\/2025\/01\/Arazi_Photo-2-2-scaled.jpg\" class=\"attachment-full size-full wp-image-940\" alt=\"\" srcset=\"https:\/\/www.7tepearsa.com\/wp-content\/uploads\/2025\/01\/Arazi_Photo-2-2-scaled.jpg 2560w, https:\/\/www.7tepearsa.com\/wp-content\/uploads\/2025\/01\/Arazi_Photo-2-2-300x169.jpg 300w, https:\/\/www.7tepearsa.com\/wp-content\/uploads\/2025\/01\/Arazi_Photo-2-2-1024x576.jpg 1024w, https:\/\/www.7tepearsa.com\/wp-content\/uploads\/2025\/01\/Arazi_Photo-2-2-768x432.jpg 768w, https:\/\/www.7tepearsa.com\/wp-content\/uploads\/2025\/01\/Arazi_Photo-2-2-1536x864.jpg 1536w, https:\/\/www.7tepearsa.com\/wp-content\/uploads\/2025\/01\/Arazi_Photo-2-2-2048x1152.jpg 2048w\" sizes=\"(max-width: 2560px) 100vw, 2560px\" \/>\t\t\t\t\t\t\t\t\t\t\t\t\t\t\t<\/div>\n\t\t\t\t<\/div>\n\t\t\t\t<\/div>\n\t\t<div class=\"elementor-element elementor-element-6df4d0ff e-con-full e-flex e-con e-child\" data-id=\"6df4d0ff\" data-element_type=\"container\">\n\t\t\t\t<div class=\"elementor-element elementor-element-2e925a6 elementor-widget elementor-widget-image\" data-id=\"2e925a6\" data-element_type=\"widget\" data-widget_type=\"image.default\">\n\t\t\t\t<div class=\"elementor-widget-container\">\n\t\t\t\t\t\t\t\t\t\t\t\t\t\t\t<img decoding=\"async\" width=\"2560\" height=\"1440\" src=\"https:\/\/www.7tepearsa.com\/wp-content\/uploads\/2025\/01\/Arazi_Photo-3-scaled.jpg\" class=\"attachment-full size-full wp-image-942\" alt=\"\" srcset=\"https:\/\/www.7tepearsa.com\/wp-content\/uploads\/2025\/01\/Arazi_Photo-3-scaled.jpg 2560w, https:\/\/www.7tepearsa.com\/wp-content\/uploads\/2025\/01\/Arazi_Photo-3-300x169.jpg 300w, https:\/\/www.7tepearsa.com\/wp-content\/uploads\/2025\/01\/Arazi_Photo-3-1024x576.jpg 1024w, https:\/\/www.7tepearsa.com\/wp-content\/uploads\/2025\/01\/Arazi_Photo-3-768x432.jpg 768w, https:\/\/www.7tepearsa.com\/wp-content\/uploads\/2025\/01\/Arazi_Photo-3-1536x864.jpg 1536w, https:\/\/www.7tepearsa.com\/wp-content\/uploads\/2025\/01\/Arazi_Photo-3-2048x1152.jpg 2048w\" sizes=\"(max-width: 2560px) 100vw, 2560px\" \/>\t\t\t\t\t\t\t\t\t\t\t\t\t\t\t<\/div>\n\t\t\t\t<\/div>\n\t\t\t\t<\/div>\n\t\t<div class=\"elementor-element elementor-element-39b417c9 e-con-full e-flex e-con e-child\" data-id=\"39b417c9\" data-element_type=\"container\">\n\t\t\t\t<div class=\"elementor-element elementor-element-d5505ba elementor-widget elementor-widget-image\" data-id=\"d5505ba\" data-element_type=\"widget\" data-widget_type=\"image.default\">\n\t\t\t\t<div class=\"elementor-widget-container\">\n\t\t\t\t\t\t\t\t\t\t\t\t\t\t\t<img decoding=\"async\" width=\"2560\" height=\"1440\" src=\"https:\/\/www.7tepearsa.com\/wp-content\/uploads\/2025\/01\/Arazi_Photo-9-9-scaled.jpg\" class=\"attachment-full size-full wp-image-943\" alt=\"\" srcset=\"https:\/\/www.7tepearsa.com\/wp-content\/uploads\/2025\/01\/Arazi_Photo-9-9-scaled.jpg 2560w, https:\/\/www.7tepearsa.com\/wp-content\/uploads\/2025\/01\/Arazi_Photo-9-9-300x169.jpg 300w, https:\/\/www.7tepearsa.com\/wp-content\/uploads\/2025\/01\/Arazi_Photo-9-9-1024x576.jpg 1024w, https:\/\/www.7tepearsa.com\/wp-content\/uploads\/2025\/01\/Arazi_Photo-9-9-768x432.jpg 768w, https:\/\/www.7tepearsa.com\/wp-content\/uploads\/2025\/01\/Arazi_Photo-9-9-1536x864.jpg 1536w, https:\/\/www.7tepearsa.com\/wp-content\/uploads\/2025\/01\/Arazi_Photo-9-9-2048x1152.jpg 2048w\" sizes=\"(max-width: 2560px) 100vw, 2560px\" \/>\t\t\t\t\t\t\t\t\t\t\t\t\t\t\t<\/div>\n\t\t\t\t<\/div>\n\t\t\t\t<\/div>\n\t\t\t\t<\/div>\n\t\t\t\t<div class=\"elementor-element elementor-element-98a61c2 elementor-widget__width-initial elementor-widget-mobile__width-inherit elementor-widget elementor-widget-text-editor\" data-id=\"98a61c2\" data-element_type=\"widget\" data-widget_type=\"text-editor.default\">\n\t\t\t\t<div class=\"elementor-widget-container\">\n\t\t\t\t\t\t\t\t\t<p><strong>7TepeArsa projelerinde kat ittifak\u0131 ve imar g\u00fcvencesiyle, hem ya\u015fam alan\u0131 hem de yat\u0131r\u0131m f\u0131rsat\u0131 bir arada. T\u00fcm i\u015flemler \u015feffaf ve g\u00fcvenilir.<\/strong><\/p>\t\t\t\t\t\t\t\t<\/div>\n\t\t\t\t<\/div>\n\t\t\t\t<\/div>\n\t\t<div class=\"elementor-element elementor-element-2e8cc2b e-con-full e-flex e-con e-parent\" data-id=\"2e8cc2b\" data-element_type=\"container\" data-settings=\"{&quot;background_background&quot;:&quot;classic&quot;}\">\n\t\t\t\t<div class=\"elementor-element elementor-element-8844bbd elementor-widget elementor-widget-menu-anchor\" data-id=\"8844bbd\" data-element_type=\"widget\" data-widget_type=\"menu-anchor.default\">\n\t\t\t\t<div class=\"elementor-widget-container\">\n\t\t\t\t\t\t\t<div class=\"elementor-menu-anchor\" id=\"yerlesmplan\"><\/div>\n\t\t\t\t\t\t<\/div>\n\t\t\t\t<\/div>\n\t\t\t\t<div class=\"elementor-element elementor-element-d8739dd elementor-widget elementor-widget-heading\" data-id=\"d8739dd\" data-element_type=\"widget\" data-widget_type=\"heading.default\">\n\t\t\t\t<div class=\"elementor-widget-container\">\n\t\t\t\t\t<h3 class=\"elementor-heading-title elementor-size-default\">Do\u011fa \u0130le B\u00fct\u00fcnle\u015fen Tasar\u0131mlar<\/h3>\t\t\t\t<\/div>\n\t\t\t\t<\/div>\n\t\t\t\t<div class=\"elementor-element elementor-element-4774a6c elementor-widget__width-initial elementor-widget-mobile__width-inherit elementor-widget elementor-widget-text-editor\" data-id=\"4774a6c\" data-element_type=\"widget\" data-widget_type=\"text-editor.default\">\n\t\t\t\t<div class=\"elementor-widget-container\">\n\t\t\t\t\t\t\t\t\t<p><strong>Projelerimiz, \u015fehirden uzakla\u015f\u0131rken do\u011fan\u0131n sundu\u011fu t\u00fcm g\u00fczellikleri hissedebilmeniz i\u00e7in tasarland\u0131. \u00c7evre dostu yap\u0131lar, g\u00f6z al\u0131c\u0131 peyzaj alanlar\u0131 ve \u00e7ocuklar\u0131n\u0131z\u0131n g\u00fcvenle oynayabilece\u011fi geni\u015f bah\u00e7eler ile do\u011fa ve ya\u015fam bir arada.<\/strong><\/p><p style=\"caret-color: #473b3b; color: #473b3b;\"><strong>7TepeArsa&#8217;n\u0131n detayl\u0131 kroki ve yerle\u015fim planlar\u0131n\u0131 \u015fimdi ke\u015ffedin.<\/strong><\/p>\t\t\t\t\t\t\t\t<\/div>\n\t\t\t\t<\/div>\n\t\t\t\t<div class=\"elementor-element elementor-element-9d84e8c elementor-mobile-align-center elementor-align-center elementor-widget elementor-widget-button\" data-id=\"9d84e8c\" data-element_type=\"widget\" data-widget_type=\"button.default\">\n\t\t\t\t<div class=\"elementor-widget-container\">\n\t\t\t\t\t\t\t\t\t<div class=\"elementor-button-wrapper\">\n\t\t\t\t\t<a class=\"elementor-button elementor-button-link elementor-size-sm\" href=\"#\">\n\t\t\t\t\t\t<span class=\"elementor-button-content-wrapper\">\n\t\t\t\t\t\t\t\t\t<span class=\"elementor-button-text\">Yerle\u015fim Plan\u0131 Dosyas\u0131n\u0131 \u0130ndir<\/span>\n\t\t\t\t\t<\/span>\n\t\t\t\t\t<\/a>\n\t\t\t\t<\/div>\n\t\t\t\t\t\t\t\t<\/div>\n\t\t\t\t<\/div>\n\t\t\t\t<\/div>\n\t\t<div class=\"elementor-element elementor-element-fd6c5b9 e-flex e-con-boxed e-con e-parent\" data-id=\"fd6c5b9\" data-element_type=\"container\" data-settings=\"{&quot;background_background&quot;:&quot;classic&quot;}\">\n\t\t\t\t\t<div class=\"e-con-inner\">\n\t\t\t\t<div class=\"elementor-element elementor-element-88b9ba9 elementor-widget elementor-widget-menu-anchor\" data-id=\"88b9ba9\" data-element_type=\"widget\" data-widget_type=\"menu-anchor.default\">\n\t\t\t\t<div class=\"elementor-widget-container\">\n\t\t\t\t\t\t\t<div class=\"elementor-menu-anchor\" id=\"projesunumu\"><\/div>\n\t\t\t\t\t\t<\/div>\n\t\t\t\t<\/div>\n\t\t\t\t<div class=\"elementor-element elementor-element-7ae9eb6 elementor--h-position-center elementor--v-position-middle elementor-arrows-position-inside elementor-pagination-position-inside elementor-widget elementor-widget-slides\" data-id=\"7ae9eb6\" data-element_type=\"widget\" data-settings=\"{&quot;navigation&quot;:&quot;both&quot;,&quot;autoplay&quot;:&quot;yes&quot;,&quot;pause_on_hover&quot;:&quot;yes&quot;,&quot;pause_on_interaction&quot;:&quot;yes&quot;,&quot;autoplay_speed&quot;:5000,&quot;infinite&quot;:&quot;yes&quot;,&quot;transition&quot;:&quot;slide&quot;,&quot;transition_speed&quot;:500}\" data-widget_type=\"slides.default\">\n\t\t\t\t<div class=\"elementor-widget-container\">\n\t\t\t\t\t\t\t\t\t<div class=\"elementor-swiper\">\n\t\t\t\t\t<div class=\"elementor-slides-wrapper elementor-main-swiper swiper\" role=\"region\" aria-roledescription=\"carousel\" aria-label=\"Galeri\" dir=\"ltr\" data-animation=\"fadeInUp\">\n\t\t\t\t<div class=\"swiper-wrapper elementor-slides\">\n\t\t\t\t\t\t\t\t\t\t<div class=\"elementor-repeater-item-a4135a0 swiper-slide\" role=\"group\" aria-roledescription=\"slide\"><div class=\"swiper-slide-bg elementor-ken-burns elementor-ken-burns--in\" role=\"img\" aria-label=\"7tepe5\"><\/div><div class=\"elementor-background-overlay\"><\/div><div class=\"swiper-slide-inner\" ><div class=\"swiper-slide-contents\"><div class=\"elementor-slide-description\">Projeye ait detayl\u0131 krokileri, yerle\u015fim planlar\u0131n\u0131 ve ya\u015fam alanlar\u0131yla ilgili sunumu incelemek i\u00e7in a\u015fa\u011f\u0131daki butona t\u0131klay\u0131n:<\/div><div  class=\"elementor-button elementor-slide-button elementor-size-sm\">Proje Sunumunu G\u00f6r\u00fcnt\u00fcle<\/div><\/div><\/div><\/div><div class=\"elementor-repeater-item-81dbdf0 swiper-slide\" role=\"group\" aria-roledescription=\"slide\"><div class=\"swiper-slide-bg elementor-ken-burns elementor-ken-burns--in\" role=\"img\" aria-label=\"7tepe1\"><\/div><div class=\"elementor-background-overlay\"><\/div><div class=\"swiper-slide-inner\" ><div class=\"swiper-slide-contents\"><div class=\"elementor-slide-description\">Projeye ait detayl\u0131 krokileri, yerle\u015fim planlar\u0131n\u0131 ve ya\u015fam alanlar\u0131yla ilgili sunumu incelemek i\u00e7in a\u015fa\u011f\u0131daki butona t\u0131klay\u0131n:<\/div><div  class=\"elementor-button elementor-slide-button elementor-size-sm\">Proje Sunumunu G\u00f6r\u00fcnt\u00fcle<\/div><\/div><\/div><\/div><div class=\"elementor-repeater-item-3dfe64e swiper-slide\" role=\"group\" aria-roledescription=\"slide\"><div class=\"swiper-slide-bg elementor-ken-burns elementor-ken-burns--in\" role=\"img\" aria-label=\"7tepe2\"><\/div><div class=\"elementor-background-overlay\"><\/div><div class=\"swiper-slide-inner\" ><div class=\"swiper-slide-contents\"><div class=\"elementor-slide-description\">Projeye ait detayl\u0131 krokileri, yerle\u015fim planlar\u0131n\u0131 ve ya\u015fam alanlar\u0131yla ilgili sunumu incelemek i\u00e7in a\u015fa\u011f\u0131daki butona t\u0131klay\u0131n:<\/div><div  class=\"elementor-button elementor-slide-button elementor-size-sm\">Proje Sunumunu G\u00f6r\u00fcnt\u00fcle<\/div><\/div><\/div><\/div><div class=\"elementor-repeater-item-3c839dd swiper-slide\" role=\"group\" aria-roledescription=\"slide\"><div class=\"swiper-slide-bg elementor-ken-burns elementor-ken-burns--in\" role=\"img\" aria-label=\"7tepe3\"><\/div><div class=\"elementor-background-overlay\"><\/div><div class=\"swiper-slide-inner\" ><div class=\"swiper-slide-contents\"><div class=\"elementor-slide-description\">Projeye ait detayl\u0131 krokileri, yerle\u015fim planlar\u0131n\u0131 ve ya\u015fam alanlar\u0131yla ilgili sunumu incelemek i\u00e7in a\u015fa\u011f\u0131daki butona t\u0131klay\u0131n:<\/div><div  class=\"elementor-button elementor-slide-button elementor-size-sm\">Proje Sunumunu G\u00f6r\u00fcnt\u00fcle<\/div><\/div><\/div><\/div>\t\t\t\t<\/div>\n\t\t\t\t\t\t\t\t\t\t\t\t\t\t\t<div class=\"elementor-swiper-button elementor-swiper-button-prev\" role=\"button\" tabindex=\"0\" aria-label=\"Previous slide\">\n\t\t\t\t\t\t\t<svg aria-hidden=\"true\" class=\"e-font-icon-svg e-eicon-chevron-left\" viewBox=\"0 0 1000 1000\" xmlns=\"http:\/\/www.w3.org\/2000\/svg\"><path d=\"M646 125C629 125 613 133 604 142L308 442C296 454 292 471 292 487 292 504 296 521 308 533L604 854C617 867 629 875 646 875 663 875 679 871 692 858 704 846 713 829 713 812 713 796 708 779 692 767L438 487 692 225C700 217 708 204 708 187 708 171 704 154 692 142 675 129 663 125 646 125Z\"><\/path><\/svg>\t\t\t\t\t\t<\/div>\n\t\t\t\t\t\t<div class=\"elementor-swiper-button elementor-swiper-button-next\" role=\"button\" tabindex=\"0\" aria-label=\"Next slide\">\n\t\t\t\t\t\t\t<svg aria-hidden=\"true\" class=\"e-font-icon-svg e-eicon-chevron-right\" viewBox=\"0 0 1000 1000\" xmlns=\"http:\/\/www.w3.org\/2000\/svg\"><path d=\"M696 533C708 521 713 504 713 487 713 471 708 454 696 446L400 146C388 133 375 125 354 125 338 125 325 129 313 142 300 154 292 171 292 187 292 204 296 221 308 233L563 492 304 771C292 783 288 800 288 817 288 833 296 850 308 863 321 871 338 875 354 875 371 875 388 867 400 854L696 533Z\"><\/path><\/svg>\t\t\t\t\t\t<\/div>\n\t\t\t\t\t\t\t\t\t\t\t\t\t\t\t\t<div class=\"swiper-pagination\"><\/div>\n\t\t\t\t\t\t\t\t\t\t\t\t<\/div>\n\t\t\t\t<\/div>\n\t\t\t\t\t\t\t\t<\/div>\n\t\t\t\t<\/div>\n\t\t\t\t\t<\/div>\n\t\t\t\t<\/div>\n\t\t\t\t<\/div>\n\t\t","protected":false},"excerpt":{"rendered":"<p>Do\u011fan\u0131n Kalbinde, Yat\u0131r\u0131m\u0131n Yeni Adresi \u015e\u0130LE &#8211; A\u011eVA \u015eehir Kalabal\u0131\u011f\u0131n\u0131 Geride B\u0131rak\u0131n! \u0130stanbul\u2019un g\u00fcr\u00fclt\u00fcs\u00fcnden uzak, ancak bir o kadar yak\u0131n. \u015eile ve A\u011fva\u2019n\u0131n e\u015fsiz do\u011fas\u0131nda size \u00f6zel yat\u0131r\u0131m f\u0131rsatlar\u0131n\u0131 ke\u015ffedin \u0130LET\u0130\u015e\u0130ME GE\u00c7\u0130N Yasal Zeminde, G\u00fcvenilir Bir Yat\u0131r\u0131m! 7TepeArsa, \u015eile &#8211; A\u011fva projesinde kat ittifak\u0131 ve imar durumuna dair t\u00fcm s\u00fcre\u00e7leri netle\u015ftirerek, yat\u0131r\u0131m\u0131n\u0131z\u0131 gelece\u011fe g\u00fcvenle ta\u015f\u0131yor. [&hellip;]<\/p>\n","protected":false},"author":1,"featured_media":0,"parent":0,"menu_order":0,"comment_status":"closed","ping_status":"closed","template":"elementor_header_footer","meta":{"footnotes":""},"class_list":["post-734","page","type-page","status-publish","hentry"],"_links":{"self":[{"href":"https:\/\/www.7tepearsa.com\/index.php?rest_route=\/wp\/v2\/pages\/734","targetHints":{"allow":["GET"]}}],"collection":[{"href":"https:\/\/www.7tepearsa.com\/index.php?rest_route=\/wp\/v2\/pages"}],"about":[{"href":"https:\/\/www.7tepearsa.com\/index.php?rest_route=\/wp\/v2\/types\/page"}],"author":[{"embeddable":true,"href":"https:\/\/www.7tepearsa.com\/index.php?rest_route=\/wp\/v2\/users\/1"}],"replies":[{"embeddable":true,"href":"https:\/\/www.7tepearsa.com\/index.php?rest_route=%2Fwp%2Fv2%2Fcomments&post=734"}],"version-history":[{"count":126,"href":"https:\/\/www.7tepearsa.com\/index.php?rest_route=\/wp\/v2\/pages\/734\/revisions"}],"predecessor-version":[{"id":965,"href":"https:\/\/www.7tepearsa.com\/index.php?rest_route=\/wp\/v2\/pages\/734\/revisions\/965"}],"wp:attachment":[{"href":"https:\/\/www.7tepearsa.com\/index.php?rest_route=%2Fwp%2Fv2%2Fmedia&parent=734"}],"curies":[{"name":"wp","href":"https:\/\/api.w.org\/{rel}","templated":true}]}}